{"id":11,"date":"2015-05-16T13:06:43","date_gmt":"2015-05-16T11:06:43","guid":{"rendered":"http:\/\/192.168.1.109\/hitschlain\/?page_id=11"},"modified":"2020-03-29T13:06:24","modified_gmt":"2020-03-29T13:06:24","slug":"holzhauerei","status":"publish","type":"page","link":"https:\/\/www.hitschlain.ch\/?page_id=11","title":{"rendered":"Holzhauerei"},"content":{"rendered":"<p>Holzhauerei. Weil wir es lieben. F\u00e4llen und R\u00fcsten machen wir mit Herzblut. Wir lieben die Herausforderungen der Holzschl\u00e4ge und stellen Sicherheit und Qualit\u00e4t an oberste Stelle. Ob Zwangsnutzungen, Seilbahnen, R\u00fcckeschl\u00e4ge oder Durchforstungen. Wir r\u00fcstet alles, egal ob am H\u00e4nge, in der Fl\u00e4che oder in einem Tobel.\u00a0<\/p>\n<p>Gerne organisieren wir Sicherheitsholzschl\u00e4ge an Leitungen, Strassen oder Bahnen und f\u00fchren diese aus. Mit guter Ausbildung, stetiger Weiterentwicklung von Techniken, neuen Materialien und pr\u00e4ziser Arbeit, k\u00f6nnen solche Aufgaben \u00fcbernommen werden.\u00a0<\/p>\n<p><\/p>\n\n\n<figure class=\"wp-block-gallery columns-3 is-cropped wp-block-gallery-1 is-layout-flex wp-block-gallery-is-layout-flex\"><ul class=\"blocks-gallery-grid\"><li class=\"blocks-gallery-item\"><figure><img loading=\"lazy\" decoding=\"async\" width=\"768\" height=\"1024\" src=\"https:\/\/www.hitschlain.ch\/wp-content\/uploads\/2020\/03\/VMAH8426-768x1024.jpeg\" alt=\"\" data-id=\"449\" data-full-url=\"https:\/\/www.hitschlain.ch\/wp-content\/uploads\/2020\/03\/VMAH8426.jpeg\" data-link=\"https:\/\/www.hitschlain.ch\/?attachment_id=449\" class=\"wp-image-449\" srcset=\"https:\/\/www.hitschlain.ch\/wp-content\/uploads\/2020\/03\/VMAH8426-768x1024.jpeg 768w, https:\/\/www.hitschlain.ch\/wp-content\/uploads\/2020\/03\/VMAH8426-225x300.jpeg 225w, https:\/\/www.hitschlain.ch\/wp-content\/uploads\/2020\/03\/VMAH8426-1152x1536.jpeg 1152w, https:\/\/www.hitschlain.ch\/wp-content\/uploads\/2020\/03\/VMAH8426-600x800.jpeg 600w, https:\/\/www.hitschlain.ch\/wp-content\/uploads\/2020\/03\/VMAH8426.jpeg 1512w\" sizes=\"auto, (max-width: 768px) 100vw, 768px\" \/><\/figure><\/li><li class=\"blocks-gallery-item\"><figure><img loading=\"lazy\" decoding=\"async\" width=\"768\" height=\"1024\" src=\"https:\/\/www.hitschlain.ch\/wp-content\/uploads\/2020\/03\/IMG_6169-1-768x1024.jpeg\" alt=\"\" data-id=\"452\" data-full-url=\"https:\/\/www.hitschlain.ch\/wp-content\/uploads\/2020\/03\/IMG_6169-1-scaled.jpeg\" data-link=\"https:\/\/www.hitschlain.ch\/?attachment_id=452\" class=\"wp-image-452\" srcset=\"https:\/\/www.hitschlain.ch\/wp-content\/uploads\/2020\/03\/IMG_6169-1-768x1024.jpeg 768w, https:\/\/www.hitschlain.ch\/wp-content\/uploads\/2020\/03\/IMG_6169-1-225x300.jpeg 225w, https:\/\/www.hitschlain.ch\/wp-content\/uploads\/2020\/03\/IMG_6169-1-1152x1536.jpeg 1152w, https:\/\/www.hitschlain.ch\/wp-content\/uploads\/2020\/03\/IMG_6169-1-1536x2048.jpeg 1536w, https:\/\/www.hitschlain.ch\/wp-content\/uploads\/2020\/03\/IMG_6169-1-600x800.jpeg 600w, https:\/\/www.hitschlain.ch\/wp-content\/uploads\/2020\/03\/IMG_6169-1-scaled.jpeg 1920w\" sizes=\"auto, (max-width: 768px) 100vw, 768px\" \/><\/figure><\/li><li class=\"blocks-gallery-item\"><figure><img loading=\"lazy\" decoding=\"async\" width=\"768\" height=\"1024\" src=\"https:\/\/www.hitschlain.ch\/wp-content\/uploads\/2020\/03\/SWUB6179-768x1024.jpeg\" alt=\"\" data-id=\"448\" data-full-url=\"https:\/\/www.hitschlain.ch\/wp-content\/uploads\/2020\/03\/SWUB6179.jpeg\" data-link=\"https:\/\/www.hitschlain.ch\/?attachment_id=448\" class=\"wp-image-448\" srcset=\"https:\/\/www.hitschlain.ch\/wp-content\/uploads\/2020\/03\/SWUB6179-768x1024.jpeg 768w, https:\/\/www.hitschlain.ch\/wp-content\/uploads\/2020\/03\/SWUB6179-225x300.jpeg 225w, https:\/\/www.hitschlain.ch\/wp-content\/uploads\/2020\/03\/SWUB6179-1152x1536.jpeg 1152w, https:\/\/www.hitschlain.ch\/wp-content\/uploads\/2020\/03\/SWUB6179-600x800.jpeg 600w, https:\/\/www.hitschlain.ch\/wp-content\/uploads\/2020\/03\/SWUB6179.jpeg 1512w\" sizes=\"auto, (max-width: 768px) 100vw, 768px\" \/><\/figure><\/li><li class=\"blocks-gallery-item\"><figure><img loading=\"lazy\" decoding=\"async\" width=\"1024\" height=\"768\" src=\"https:\/\/www.hitschlain.ch\/wp-content\/uploads\/2020\/03\/GNVH9954-1024x768.jpeg\" alt=\"\" data-id=\"451\" data-full-url=\"https:\/\/www.hitschlain.ch\/wp-content\/uploads\/2020\/03\/GNVH9954.jpeg\" data-link=\"https:\/\/www.hitschlain.ch\/?attachment_id=451\" class=\"wp-image-451\" srcset=\"https:\/\/www.hitschlain.ch\/wp-content\/uploads\/2020\/03\/GNVH9954-1024x768.jpeg 1024w, https:\/\/www.hitschlain.ch\/wp-content\/uploads\/2020\/03\/GNVH9954-300x225.jpeg 300w, https:\/\/www.hitschlain.ch\/wp-content\/uploads\/2020\/03\/GNVH9954-768x576.jpeg 768w, https:\/\/www.hitschlain.ch\/wp-content\/uploads\/2020\/03\/GNVH9954-1536x1152.jpeg 1536w, https:\/\/www.hitschlain.ch\/wp-content\/uploads\/2020\/03\/GNVH9954-600x450.jpeg 600w, https:\/\/www.hitschlain.ch\/wp-content\/uploads\/2020\/03\/GNVH9954.jpeg 1920w\" sizes=\"auto, (max-width: 1024px) 100vw, 1024px\" \/><\/figure><\/li><\/ul><\/figure>\n","protected":false},"excerpt":{"rendered":"<p>Holzhauerei. Weil wir es lieben. F\u00e4llen und R\u00fcsten machen wir mit Herzblut. Wir lieben die Herausforderungen der Holzschl\u00e4ge und stellen Sicherheit und Qualit\u00e4t an oberste &hellip;<\/p>\n","protected":false},"author":1,"featured_media":0,"parent":0,"menu_order":3,"comment_status":"closed","ping_status":"closed","template":"","meta":{"footnotes":""},"class_list":["post-11","page","type-page","status-publish","hentry"],"_links":{"self":[{"href":"https:\/\/www.hitschlain.ch\/index.php?rest_route=\/wp\/v2\/pages\/11","targetHints":{"allow":["GET"]}}],"collection":[{"href":"https:\/\/www.hitschlain.ch\/index.php?rest_route=\/wp\/v2\/pages"}],"about":[{"href":"https:\/\/www.hitschlain.ch\/index.php?rest_route=\/wp\/v2\/types\/page"}],"author":[{"embeddable":true,"href":"https:\/\/www.hitschlain.ch\/index.php?rest_route=\/wp\/v2\/users\/1"}],"replies":[{"embeddable":true,"href":"https:\/\/www.hitschlain.ch\/index.php?rest_route=%2Fwp%2Fv2%2Fcomments&post=11"}],"version-history":[{"count":8,"href":"https:\/\/www.hitschlain.ch\/index.php?rest_route=\/wp\/v2\/pages\/11\/revisions"}],"predecessor-version":[{"id":457,"href":"https:\/\/www.hitschlain.ch\/index.php?rest_route=\/wp\/v2\/pages\/11\/revisions\/457"}],"wp:attachment":[{"href":"https:\/\/www.hitschlain.ch\/index.php?rest_route=%2Fwp%2Fv2%2Fmedia&parent=11"}],"curies":[{"name":"wp","href":"https:\/\/api.w.org\/{rel}","templated":true}]}}