{"id":13,"date":"2015-05-16T13:08:03","date_gmt":"2015-05-16T11:08:03","guid":{"rendered":"http:\/\/192.168.1.109\/hitschlain\/?page_id=13"},"modified":"2020-03-07T13:18:45","modified_gmt":"2020-03-07T13:18:45","slug":"rueckearbeit","status":"publish","type":"page","link":"https:\/\/www.hitschlain.ch\/?page_id=13","title":{"rendered":"R\u00fcckearbeit"},"content":{"rendered":"<p><em>Einsatzgebiet<\/em><\/p>\n<p>Haben Sie schmale Wege oder einen Bestand der mit grossen Maschinen nicht befahren werden kann? Hitschlain GmbH r\u00fcckt mit dem RT 65 genau an diesen Orten.<\/p>\n<p><img loading=\"lazy\" decoding=\"async\" class=\"alignnone wp-image-183 size-medium\" src=\"https:\/\/www.hitschlain.ch\/wp-content\/uploads\/2015\/05\/IMG_30421-300x200.jpg\" alt=\"IMG_3042\" width=\"300\" height=\"200\" srcset=\"https:\/\/www.hitschlain.ch\/wp-content\/uploads\/2015\/05\/IMG_30421-300x200.jpg 300w, https:\/\/www.hitschlain.ch\/wp-content\/uploads\/2015\/05\/IMG_30421-600x400.jpg 600w, https:\/\/www.hitschlain.ch\/wp-content\/uploads\/2015\/05\/IMG_30421.jpg 1024w, https:\/\/www.hitschlain.ch\/wp-content\/uploads\/2015\/05\/IMG_30421-700x467.jpg 700w\" sizes=\"auto, (max-width: 300px) 100vw, 300px\" \/><\/p>\n<blockquote>\n<p>Der RT 65 ist eine kleine aber leistungsstarke R\u00fcckemaschine. Mit seiner Breite von 1.60 m r\u00fcckt der RT65 auch an schmalen Orten oder auf engen Gassen. Der RT 65 ist 2400 kg schwer und kann mit dem Autoanh\u00e4nger transportiert werden. So kann schnell von A nach B verschoben werden.<\/p>\n<\/blockquote>\n<p>Zu den Einsatzm\u00f6glichkeiten geh\u00f6ren:<\/p>\n<ul>\n<li>Vorliefern f\u00fcr den Harvester, Baggerprozessor oder Seilbahnen<\/li>\n<li>R\u00fccken von Durchforstungen und Zwangsnutzungen<\/li>\n<li>Sicherheitsholzhauerei an der Bahn oder Stra\u00dfe<\/li>\n<li>Unterst\u00fctzung zur motormanuellen Holzhauerei<\/li>\n<li>Gartenholzhauerei<\/li>\n<\/ul>\n<p>Maschineller Steckbrief<\/p>\n\n\n<p><\/p>\n","protected":false},"excerpt":{"rendered":"<p>Einsatzgebiet Haben Sie schmale Wege oder einen Bestand der mit grossen Maschinen nicht befahren werden kann? Hitschlain GmbH r\u00fcckt mit dem RT 65 genau an &hellip;<\/p>\n","protected":false},"author":1,"featured_media":0,"parent":0,"menu_order":3,"comment_status":"closed","ping_status":"closed","template":"","meta":{"footnotes":""},"class_list":["post-13","page","type-page","status-publish","hentry"],"_links":{"self":[{"href":"https:\/\/www.hitschlain.ch\/index.php?rest_route=\/wp\/v2\/pages\/13","targetHints":{"allow":["GET"]}}],"collection":[{"href":"https:\/\/www.hitschlain.ch\/index.php?rest_route=\/wp\/v2\/pages"}],"about":[{"href":"https:\/\/www.hitschlain.ch\/index.php?rest_route=\/wp\/v2\/types\/page"}],"author":[{"embeddable":true,"href":"https:\/\/www.hitschlain.ch\/index.php?rest_route=\/wp\/v2\/users\/1"}],"replies":[{"embeddable":true,"href":"https:\/\/www.hitschlain.ch\/index.php?rest_route=%2Fwp%2Fv2%2Fcomments&post=13"}],"version-history":[{"count":7,"href":"https:\/\/www.hitschlain.ch\/index.php?rest_route=\/wp\/v2\/pages\/13\/revisions"}],"predecessor-version":[{"id":408,"href":"https:\/\/www.hitschlain.ch\/index.php?rest_route=\/wp\/v2\/pages\/13\/revisions\/408"}],"wp:attachment":[{"href":"https:\/\/www.hitschlain.ch\/index.php?rest_route=%2Fwp%2Fv2%2Fmedia&parent=13"}],"curies":[{"name":"wp","href":"https:\/\/api.w.org\/{rel}","templated":true}]}}