{"id":19,"date":"2015-05-16T13:19:31","date_gmt":"2015-05-16T11:19:31","guid":{"rendered":"http:\/\/192.168.1.109\/hitschlain\/?page_id=19"},"modified":"2015-05-27T09:26:16","modified_gmt":"2015-05-27T09:26:16","slug":"spezialholzhauerei","status":"publish","type":"page","link":"https:\/\/www.hitschlain.ch\/?page_id=19","title":{"rendered":"Spezialholzhauerei"},"content":{"rendered":"<p><img loading=\"lazy\" decoding=\"async\" class=\"alignnone wp-image-217 size-full\" src=\"https:\/\/www.hitschlain.ch\/wp-content\/uploads\/2015\/05\/spezialholzhauerei.jpg\" alt=\"spezialholzhauerei\" width=\"1000\" height=\"667\" srcset=\"https:\/\/www.hitschlain.ch\/wp-content\/uploads\/2015\/05\/spezialholzhauerei.jpg 1000w, https:\/\/www.hitschlain.ch\/wp-content\/uploads\/2015\/05\/spezialholzhauerei-600x400.jpg 600w, https:\/\/www.hitschlain.ch\/wp-content\/uploads\/2015\/05\/spezialholzhauerei-300x200.jpg 300w, https:\/\/www.hitschlain.ch\/wp-content\/uploads\/2015\/05\/spezialholzhauerei-700x467.jpg 700w\" sizes=\"auto, (max-width: 1000px) 100vw, 1000px\" \/>Die Hitschlain GmbH verf\u00fcgt \u00fcber einen ausgebildeter Kletterer, welcher sehr gerne Auftr\u00e4ge der Spezialholzhauerei erledigt. Die Organisation und Ausf\u00fchrung solcher Arbeiten k\u00f6nne Sie mit gutem Gewissen der Firma \u00fcbertragen. Denn diese entscheidet mit welcher Art die B\u00e4ume am schonendsten und besten gef\u00e4llt werden k\u00f6nnen. Egal ob der Baum im Garten oder an einer Strasse steht. Durch einen Helikopter, Kran oder das Herablassen mit dem Seil (Rigging) werden Ihre B\u00e4ume sicher und schnell entfernt.<\/p>\n","protected":false},"excerpt":{"rendered":"<p>Die Hitschlain GmbH verf\u00fcgt \u00fcber einen ausgebildeter Kletterer, welcher sehr gerne Auftr\u00e4ge der Spezialholzhauerei erledigt. Die Organisation und Ausf\u00fchrung solcher Arbeiten k\u00f6nne Sie mit gutem &hellip;<\/p>\n","protected":false},"author":1,"featured_media":0,"parent":0,"menu_order":3,"comment_status":"closed","ping_status":"closed","template":"","meta":{"footnotes":""},"class_list":["post-19","page","type-page","status-publish","hentry"],"_links":{"self":[{"href":"https:\/\/www.hitschlain.ch\/index.php?rest_route=\/wp\/v2\/pages\/19","targetHints":{"allow":["GET"]}}],"collection":[{"href":"https:\/\/www.hitschlain.ch\/index.php?rest_route=\/wp\/v2\/pages"}],"about":[{"href":"https:\/\/www.hitschlain.ch\/index.php?rest_route=\/wp\/v2\/types\/page"}],"author":[{"embeddable":true,"href":"https:\/\/www.hitschlain.ch\/index.php?rest_route=\/wp\/v2\/users\/1"}],"replies":[{"embeddable":true,"href":"https:\/\/www.hitschlain.ch\/index.php?rest_route=%2Fwp%2Fv2%2Fcomments&post=19"}],"version-history":[{"count":3,"href":"https:\/\/www.hitschlain.ch\/index.php?rest_route=\/wp\/v2\/pages\/19\/revisions"}],"predecessor-version":[{"id":218,"href":"https:\/\/www.hitschlain.ch\/index.php?rest_route=\/wp\/v2\/pages\/19\/revisions\/218"}],"wp:attachment":[{"href":"https:\/\/www.hitschlain.ch\/index.php?rest_route=%2Fwp%2Fv2%2Fmedia&parent=19"}],"curies":[{"name":"wp","href":"https:\/\/api.w.org\/{rel}","templated":true}]}}