{"id":383,"date":"2020-03-07T13:08:05","date_gmt":"2020-03-07T13:08:05","guid":{"rendered":"http:\/\/www.hitschlain.ch\/?page_id=383"},"modified":"2020-03-07T13:16:16","modified_gmt":"2020-03-07T13:16:16","slug":"maschinen","status":"publish","type":"page","link":"https:\/\/www.hitschlain.ch\/?page_id=383","title":{"rendered":"Maschinen"},"content":{"rendered":"\n<h2 class=\"wp-block-heading\">Malwa Forwarder<\/h2>\n\n\n\n<p>L\u00e4nge: 7.4m<br>Breite: 2m<br>H\u00f6he; 2.85m<br>Gewicht: 5.5t<br>Zuladung: 5.5t<br>Fahrgeschwindigkeit: max. 20km\/h<br>Krahn: 8m<br>Heck: abnehmbar<\/p>\n\n\n\n<figure class=\"wp-block-gallery columns-3 is-cropped wp-block-gallery-1 is-layout-flex wp-block-gallery-is-layout-flex\"><ul class=\"blocks-gallery-grid\"><li class=\"blocks-gallery-item\"><figure><img loading=\"lazy\" decoding=\"async\" width=\"1024\" height=\"768\" src=\"https:\/\/www.hitschlain.ch\/wp-content\/uploads\/2020\/03\/DUGL2773-1-1024x768.jpeg\" alt=\"\" data-id=\"391\" data-full-url=\"https:\/\/www.hitschlain.ch\/wp-content\/uploads\/2020\/03\/DUGL2773-1.jpeg\" data-link=\"https:\/\/www.hitschlain.ch\/?attachment_id=391\" class=\"wp-image-391\" srcset=\"https:\/\/www.hitschlain.ch\/wp-content\/uploads\/2020\/03\/DUGL2773-1-1024x768.jpeg 1024w, https:\/\/www.hitschlain.ch\/wp-content\/uploads\/2020\/03\/DUGL2773-1-300x225.jpeg 300w, https:\/\/www.hitschlain.ch\/wp-content\/uploads\/2020\/03\/DUGL2773-1-768x576.jpeg 768w, https:\/\/www.hitschlain.ch\/wp-content\/uploads\/2020\/03\/DUGL2773-1-1536x1152.jpeg 1536w, https:\/\/www.hitschlain.ch\/wp-content\/uploads\/2020\/03\/DUGL2773-1-600x450.jpeg 600w, https:\/\/www.hitschlain.ch\/wp-content\/uploads\/2020\/03\/DUGL2773-1.jpeg 2016w\" sizes=\"auto, (max-width: 1024px) 100vw, 1024px\" \/><\/figure><\/li><li class=\"blocks-gallery-item\"><figure><img loading=\"lazy\" decoding=\"async\" width=\"768\" height=\"1024\" src=\"https:\/\/www.hitschlain.ch\/wp-content\/uploads\/2020\/03\/IMG_6584-1-768x1024.jpeg\" alt=\"\" data-id=\"392\" data-full-url=\"https:\/\/www.hitschlain.ch\/wp-content\/uploads\/2020\/03\/IMG_6584-1-scaled.jpeg\" data-link=\"https:\/\/www.hitschlain.ch\/?attachment_id=392\" class=\"wp-image-392\" srcset=\"https:\/\/www.hitschlain.ch\/wp-content\/uploads\/2020\/03\/IMG_6584-1-768x1024.jpeg 768w, https:\/\/www.hitschlain.ch\/wp-content\/uploads\/2020\/03\/IMG_6584-1-225x300.jpeg 225w, https:\/\/www.hitschlain.ch\/wp-content\/uploads\/2020\/03\/IMG_6584-1-1152x1536.jpeg 1152w, https:\/\/www.hitschlain.ch\/wp-content\/uploads\/2020\/03\/IMG_6584-1-1536x2048.jpeg 1536w, https:\/\/www.hitschlain.ch\/wp-content\/uploads\/2020\/03\/IMG_6584-1-600x800.jpeg 600w, https:\/\/www.hitschlain.ch\/wp-content\/uploads\/2020\/03\/IMG_6584-1-scaled.jpeg 1920w\" sizes=\"auto, (max-width: 768px) 100vw, 768px\" \/><\/figure><\/li><li class=\"blocks-gallery-item\"><figure><img loading=\"lazy\" decoding=\"async\" width=\"1024\" height=\"768\" src=\"https:\/\/www.hitschlain.ch\/wp-content\/uploads\/2020\/03\/OMRJ7436-1-1024x768.jpeg\" alt=\"\" data-id=\"393\" data-full-url=\"https:\/\/www.hitschlain.ch\/wp-content\/uploads\/2020\/03\/OMRJ7436-1.jpeg\" data-link=\"https:\/\/www.hitschlain.ch\/?attachment_id=393\" class=\"wp-image-393\" srcset=\"https:\/\/www.hitschlain.ch\/wp-content\/uploads\/2020\/03\/OMRJ7436-1-1024x768.jpeg 1024w, https:\/\/www.hitschlain.ch\/wp-content\/uploads\/2020\/03\/OMRJ7436-1-300x225.jpeg 300w, https:\/\/www.hitschlain.ch\/wp-content\/uploads\/2020\/03\/OMRJ7436-1-768x576.jpeg 768w, https:\/\/www.hitschlain.ch\/wp-content\/uploads\/2020\/03\/OMRJ7436-1-1536x1152.jpeg 1536w, https:\/\/www.hitschlain.ch\/wp-content\/uploads\/2020\/03\/OMRJ7436-1-600x450.jpeg 600w, https:\/\/www.hitschlain.ch\/wp-content\/uploads\/2020\/03\/OMRJ7436-1.jpeg 2016w\" sizes=\"auto, (max-width: 1024px) 100vw, 1024px\" \/><\/figure><\/li><li class=\"blocks-gallery-item\"><figure><img loading=\"lazy\" decoding=\"async\" width=\"1024\" height=\"768\" src=\"https:\/\/www.hitschlain.ch\/wp-content\/uploads\/2020\/03\/PSCM8051-1-1024x768.jpeg\" alt=\"\" data-id=\"394\" data-full-url=\"https:\/\/www.hitschlain.ch\/wp-content\/uploads\/2020\/03\/PSCM8051-1.jpeg\" data-link=\"https:\/\/www.hitschlain.ch\/?attachment_id=394\" class=\"wp-image-394\" srcset=\"https:\/\/www.hitschlain.ch\/wp-content\/uploads\/2020\/03\/PSCM8051-1-1024x768.jpeg 1024w, https:\/\/www.hitschlain.ch\/wp-content\/uploads\/2020\/03\/PSCM8051-1-300x225.jpeg 300w, https:\/\/www.hitschlain.ch\/wp-content\/uploads\/2020\/03\/PSCM8051-1-768x576.jpeg 768w, https:\/\/www.hitschlain.ch\/wp-content\/uploads\/2020\/03\/PSCM8051-1-1536x1152.jpeg 1536w, https:\/\/www.hitschlain.ch\/wp-content\/uploads\/2020\/03\/PSCM8051-1-600x450.jpeg 600w, https:\/\/www.hitschlain.ch\/wp-content\/uploads\/2020\/03\/PSCM8051-1.jpeg 2048w\" sizes=\"auto, (max-width: 1024px) 100vw, 1024px\" \/><\/figure><\/li><li class=\"blocks-gallery-item\"><figure><img loading=\"lazy\" decoding=\"async\" width=\"1024\" height=\"768\" src=\"https:\/\/www.hitschlain.ch\/wp-content\/uploads\/2020\/03\/RKDA6579-1-1024x768.jpeg\" alt=\"\" data-id=\"395\" data-full-url=\"https:\/\/www.hitschlain.ch\/wp-content\/uploads\/2020\/03\/RKDA6579-1.jpeg\" data-link=\"https:\/\/www.hitschlain.ch\/?attachment_id=395\" class=\"wp-image-395\" srcset=\"https:\/\/www.hitschlain.ch\/wp-content\/uploads\/2020\/03\/RKDA6579-1-1024x768.jpeg 1024w, https:\/\/www.hitschlain.ch\/wp-content\/uploads\/2020\/03\/RKDA6579-1-300x225.jpeg 300w, https:\/\/www.hitschlain.ch\/wp-content\/uploads\/2020\/03\/RKDA6579-1-768x576.jpeg 768w, https:\/\/www.hitschlain.ch\/wp-content\/uploads\/2020\/03\/RKDA6579-1-1536x1152.jpeg 1536w, https:\/\/www.hitschlain.ch\/wp-content\/uploads\/2020\/03\/RKDA6579-1-600x450.jpeg 600w, https:\/\/www.hitschlain.ch\/wp-content\/uploads\/2020\/03\/RKDA6579-1.jpeg 2048w\" sizes=\"auto, (max-width: 1024px) 100vw, 1024px\" \/><\/figure><\/li><li class=\"blocks-gallery-item\"><figure><img loading=\"lazy\" decoding=\"async\" width=\"1024\" height=\"768\" src=\"https:\/\/www.hitschlain.ch\/wp-content\/uploads\/2020\/03\/IMG_6695-1-1024x768.jpeg\" alt=\"\" data-id=\"396\" data-full-url=\"https:\/\/www.hitschlain.ch\/wp-content\/uploads\/2020\/03\/IMG_6695-1-scaled.jpeg\" data-link=\"https:\/\/www.hitschlain.ch\/?attachment_id=396\" class=\"wp-image-396\" srcset=\"https:\/\/www.hitschlain.ch\/wp-content\/uploads\/2020\/03\/IMG_6695-1-1024x768.jpeg 1024w, https:\/\/www.hitschlain.ch\/wp-content\/uploads\/2020\/03\/IMG_6695-1-300x225.jpeg 300w, https:\/\/www.hitschlain.ch\/wp-content\/uploads\/2020\/03\/IMG_6695-1-768x576.jpeg 768w, https:\/\/www.hitschlain.ch\/wp-content\/uploads\/2020\/03\/IMG_6695-1-1536x1152.jpeg 1536w, https:\/\/www.hitschlain.ch\/wp-content\/uploads\/2020\/03\/IMG_6695-1-2048x1536.jpeg 2048w, https:\/\/www.hitschlain.ch\/wp-content\/uploads\/2020\/03\/IMG_6695-1-600x450.jpeg 600w\" sizes=\"auto, (max-width: 1024px) 100vw, 1024px\" \/><\/figure><\/li><\/ul><\/figure>\n\n\n\n<h2 class=\"wp-block-heading\">RT 65<\/h2>\n\n\n\n<p>Winde: 5.5t Zugkraft, 90m Seil<br>Breite: 1.60m<br>L\u00e4nge: 2.95m<br>H\u00f6he: 1.42m<br>Gewicht: 2.4t<br>Funksteuerung<br>Traktionswinde: 90m<br>Traktion: B\u00e4nder, Ketten oder Pneu<\/p>\n\n\n\n<figure class=\"wp-block-gallery columns-3 is-cropped wp-block-gallery-2 is-layout-flex wp-block-gallery-is-layout-flex\"><ul class=\"blocks-gallery-grid\"><li class=\"blocks-gallery-item\"><figure><img loading=\"lazy\" decoding=\"async\" width=\"768\" height=\"1024\" src=\"https:\/\/www.hitschlain.ch\/wp-content\/uploads\/2020\/03\/IMG_6529-1-768x1024.jpeg\" alt=\"\" data-id=\"399\" data-full-url=\"https:\/\/www.hitschlain.ch\/wp-content\/uploads\/2020\/03\/IMG_6529-1-scaled.jpeg\" data-link=\"https:\/\/www.hitschlain.ch\/?attachment_id=399\" class=\"wp-image-399\" srcset=\"https:\/\/www.hitschlain.ch\/wp-content\/uploads\/2020\/03\/IMG_6529-1-768x1024.jpeg 768w, https:\/\/www.hitschlain.ch\/wp-content\/uploads\/2020\/03\/IMG_6529-1-225x300.jpeg 225w, https:\/\/www.hitschlain.ch\/wp-content\/uploads\/2020\/03\/IMG_6529-1-1152x1536.jpeg 1152w, https:\/\/www.hitschlain.ch\/wp-content\/uploads\/2020\/03\/IMG_6529-1-1536x2048.jpeg 1536w, https:\/\/www.hitschlain.ch\/wp-content\/uploads\/2020\/03\/IMG_6529-1-600x800.jpeg 600w, https:\/\/www.hitschlain.ch\/wp-content\/uploads\/2020\/03\/IMG_6529-1-scaled.jpeg 1920w\" sizes=\"auto, (max-width: 768px) 100vw, 768px\" \/><\/figure><\/li><li class=\"blocks-gallery-item\"><figure><img loading=\"lazy\" decoding=\"async\" width=\"1024\" height=\"768\" src=\"https:\/\/www.hitschlain.ch\/wp-content\/uploads\/2020\/03\/IMG_4513-1-1024x768.jpeg\" alt=\"\" data-id=\"400\" data-full-url=\"https:\/\/www.hitschlain.ch\/wp-content\/uploads\/2020\/03\/IMG_4513-1-scaled.jpeg\" data-link=\"https:\/\/www.hitschlain.ch\/?attachment_id=400\" class=\"wp-image-400\" srcset=\"https:\/\/www.hitschlain.ch\/wp-content\/uploads\/2020\/03\/IMG_4513-1-1024x768.jpeg 1024w, https:\/\/www.hitschlain.ch\/wp-content\/uploads\/2020\/03\/IMG_4513-1-300x225.jpeg 300w, https:\/\/www.hitschlain.ch\/wp-content\/uploads\/2020\/03\/IMG_4513-1-768x576.jpeg 768w, https:\/\/www.hitschlain.ch\/wp-content\/uploads\/2020\/03\/IMG_4513-1-1536x1152.jpeg 1536w, https:\/\/www.hitschlain.ch\/wp-content\/uploads\/2020\/03\/IMG_4513-1-2048x1536.jpeg 2048w, https:\/\/www.hitschlain.ch\/wp-content\/uploads\/2020\/03\/IMG_4513-1-600x450.jpeg 600w\" sizes=\"auto, (max-width: 1024px) 100vw, 1024px\" \/><\/figure><\/li><li class=\"blocks-gallery-item\"><figure><img loading=\"lazy\" decoding=\"async\" width=\"1024\" height=\"768\" src=\"https:\/\/www.hitschlain.ch\/wp-content\/uploads\/2020\/03\/IMG_4487-1-1024x768.jpeg\" alt=\"\" data-id=\"401\" data-full-url=\"https:\/\/www.hitschlain.ch\/wp-content\/uploads\/2020\/03\/IMG_4487-1-scaled.jpeg\" data-link=\"https:\/\/www.hitschlain.ch\/?attachment_id=401\" class=\"wp-image-401\" srcset=\"https:\/\/www.hitschlain.ch\/wp-content\/uploads\/2020\/03\/IMG_4487-1-1024x768.jpeg 1024w, https:\/\/www.hitschlain.ch\/wp-content\/uploads\/2020\/03\/IMG_4487-1-300x225.jpeg 300w, https:\/\/www.hitschlain.ch\/wp-content\/uploads\/2020\/03\/IMG_4487-1-768x576.jpeg 768w, https:\/\/www.hitschlain.ch\/wp-content\/uploads\/2020\/03\/IMG_4487-1-1536x1152.jpeg 1536w, https:\/\/www.hitschlain.ch\/wp-content\/uploads\/2020\/03\/IMG_4487-1-2048x1536.jpeg 2048w, https:\/\/www.hitschlain.ch\/wp-content\/uploads\/2020\/03\/IMG_4487-1-600x450.jpeg 600w\" sizes=\"auto, (max-width: 1024px) 100vw, 1024px\" \/><\/figure><\/li><li class=\"blocks-gallery-item\"><figure><img loading=\"lazy\" decoding=\"async\" width=\"1024\" height=\"768\" src=\"https:\/\/www.hitschlain.ch\/wp-content\/uploads\/2020\/03\/b7740f82-1301-442d-a156-bdc84e93e67a-1-1024x768.jpeg\" alt=\"\" data-id=\"402\" data-full-url=\"https:\/\/www.hitschlain.ch\/wp-content\/uploads\/2020\/03\/b7740f82-1301-442d-a156-bdc84e93e67a-1.jpeg\" data-link=\"https:\/\/www.hitschlain.ch\/?attachment_id=402\" class=\"wp-image-402\" srcset=\"https:\/\/www.hitschlain.ch\/wp-content\/uploads\/2020\/03\/b7740f82-1301-442d-a156-bdc84e93e67a-1-1024x768.jpeg 1024w, https:\/\/www.hitschlain.ch\/wp-content\/uploads\/2020\/03\/b7740f82-1301-442d-a156-bdc84e93e67a-1-300x225.jpeg 300w, https:\/\/www.hitschlain.ch\/wp-content\/uploads\/2020\/03\/b7740f82-1301-442d-a156-bdc84e93e67a-1-768x576.jpeg 768w, https:\/\/www.hitschlain.ch\/wp-content\/uploads\/2020\/03\/b7740f82-1301-442d-a156-bdc84e93e67a-1-1536x1152.jpeg 1536w, https:\/\/www.hitschlain.ch\/wp-content\/uploads\/2020\/03\/b7740f82-1301-442d-a156-bdc84e93e67a-1-600x450.jpeg 600w, https:\/\/www.hitschlain.ch\/wp-content\/uploads\/2020\/03\/b7740f82-1301-442d-a156-bdc84e93e67a-1.jpeg 2016w\" sizes=\"auto, (max-width: 1024px) 100vw, 1024px\" \/><\/figure><\/li><li class=\"blocks-gallery-item\"><figure><img loading=\"lazy\" decoding=\"async\" width=\"768\" height=\"1024\" src=\"https:\/\/www.hitschlain.ch\/wp-content\/uploads\/2020\/03\/IMG_5895-1-768x1024.jpeg\" alt=\"\" data-id=\"403\" data-full-url=\"https:\/\/www.hitschlain.ch\/wp-content\/uploads\/2020\/03\/IMG_5895-1-scaled.jpeg\" data-link=\"https:\/\/www.hitschlain.ch\/?attachment_id=403\" class=\"wp-image-403\" srcset=\"https:\/\/www.hitschlain.ch\/wp-content\/uploads\/2020\/03\/IMG_5895-1-768x1024.jpeg 768w, https:\/\/www.hitschlain.ch\/wp-content\/uploads\/2020\/03\/IMG_5895-1-225x300.jpeg 225w, https:\/\/www.hitschlain.ch\/wp-content\/uploads\/2020\/03\/IMG_5895-1-1152x1536.jpeg 1152w, https:\/\/www.hitschlain.ch\/wp-content\/uploads\/2020\/03\/IMG_5895-1-1536x2048.jpeg 1536w, https:\/\/www.hitschlain.ch\/wp-content\/uploads\/2020\/03\/IMG_5895-1-600x800.jpeg 600w, https:\/\/www.hitschlain.ch\/wp-content\/uploads\/2020\/03\/IMG_5895-1-scaled.jpeg 1920w\" sizes=\"auto, (max-width: 768px) 100vw, 768px\" \/><\/figure><\/li><li class=\"blocks-gallery-item\"><figure><img loading=\"lazy\" decoding=\"async\" width=\"576\" height=\"1024\" src=\"https:\/\/www.hitschlain.ch\/wp-content\/uploads\/2020\/03\/KDWB9081-1-576x1024.jpeg\" alt=\"\" data-id=\"404\" data-full-url=\"https:\/\/www.hitschlain.ch\/wp-content\/uploads\/2020\/03\/KDWB9081-1.jpeg\" data-link=\"https:\/\/www.hitschlain.ch\/?attachment_id=404\" class=\"wp-image-404\" srcset=\"https:\/\/www.hitschlain.ch\/wp-content\/uploads\/2020\/03\/KDWB9081-1-576x1024.jpeg 576w, https:\/\/www.hitschlain.ch\/wp-content\/uploads\/2020\/03\/KDWB9081-1-169x300.jpeg 169w, https:\/\/www.hitschlain.ch\/wp-content\/uploads\/2020\/03\/KDWB9081-1-768x1365.jpeg 768w, https:\/\/www.hitschlain.ch\/wp-content\/uploads\/2020\/03\/KDWB9081-1-864x1536.jpeg 864w, https:\/\/www.hitschlain.ch\/wp-content\/uploads\/2020\/03\/KDWB9081-1-600x1067.jpeg 600w, https:\/\/www.hitschlain.ch\/wp-content\/uploads\/2020\/03\/KDWB9081-1.jpeg 1080w\" sizes=\"auto, (max-width: 576px) 100vw, 576px\" \/><\/figure><\/li><\/ul><\/figure>\n","protected":false},"excerpt":{"rendered":"<p>Malwa Forwarder L\u00e4nge: 7.4mBreite: 2mH\u00f6he; 2.85mGewicht: 5.5tZuladung: 5.5tFahrgeschwindigkeit: max. 20km\/hKrahn: 8mHeck: abnehmbar RT 65 Winde: 5.5t Zugkraft, 90m SeilBreite: 1.60mL\u00e4nge: 2.95mH\u00f6he: 1.42mGewicht: 2.4tFunksteuerungTraktionswinde: 90mTraktion: B\u00e4nder, &hellip;<\/p>\n","protected":false},"author":1,"featured_media":0,"parent":0,"menu_order":0,"comment_status":"closed","ping_status":"closed","template":"","meta":{"footnotes":""},"class_list":["post-383","page","type-page","status-publish","hentry"],"_links":{"self":[{"href":"https:\/\/www.hitschlain.ch\/index.php?rest_route=\/wp\/v2\/pages\/383","targetHints":{"allow":["GET"]}}],"collection":[{"href":"https:\/\/www.hitschlain.ch\/index.php?rest_route=\/wp\/v2\/pages"}],"about":[{"href":"https:\/\/www.hitschlain.ch\/index.php?rest_route=\/wp\/v2\/types\/page"}],"author":[{"embeddable":true,"href":"https:\/\/www.hitschlain.ch\/index.php?rest_route=\/wp\/v2\/users\/1"}],"replies":[{"embeddable":true,"href":"https:\/\/www.hitschlain.ch\/index.php?rest_route=%2Fwp%2Fv2%2Fcomments&post=383"}],"version-history":[{"count":4,"href":"https:\/\/www.hitschlain.ch\/index.php?rest_route=\/wp\/v2\/pages\/383\/revisions"}],"predecessor-version":[{"id":407,"href":"https:\/\/www.hitschlain.ch\/index.php?rest_route=\/wp\/v2\/pages\/383\/revisions\/407"}],"wp:attachment":[{"href":"https:\/\/www.hitschlain.ch\/index.php?rest_route=%2Fwp%2Fv2%2Fmedia&parent=383"}],"curies":[{"name":"wp","href":"https:\/\/api.w.org\/{rel}","templated":true}]}}