{"id":5,"date":"2015-04-20T18:42:35","date_gmt":"2015-04-20T18:42:35","guid":{"rendered":"http:\/\/192.168.1.109\/hitschlain\/?page_id=2"},"modified":"2021-09-16T15:36:36","modified_gmt":"2021-09-16T15:36:36","slug":"beispiel-seite","status":"publish","type":"page","link":"https:\/\/www.hitschlain.ch\/","title":{"rendered":"Home"},"content":{"rendered":"<strong>Willkommen bei Hitschlain GmbH<\/strong>\r\n\r\nHitschlain GmbH ein junges Forstunternehmen f\u00fcr Ihren Wald\r\n\r\nHitschlain GmbH steht f\u00fcr qualitativ gute und zuverl\u00e4ssige Arbeit. Das Ziel ist jeden Tag professionelle und sichere Arbeit zu erledigen, um volle Kundenzufriedenheit zu erlangen. Dies wird mit top Material, guter Ausbildung, sowie einer guten Planung tagt\u00e4glich angestrebt. Hitschlain GmbH ist Schweizweit vielseitig einsetzbar.\r\n\r\n<!-- \/wp:post-content -->","protected":false},"excerpt":{"rendered":"<p>Willkommen bei Hitschlain GmbH Hitschlain GmbH ein junges Forstunternehmen f\u00fcr Ihren Wald Hitschlain GmbH steht f\u00fcr qualitativ gute und zuverl\u00e4ssige Arbeit. Das Ziel ist jeden &hellip;<\/p>\n","protected":false},"author":1,"featured_media":0,"parent":0,"menu_order":1,"comment_status":"closed","ping_status":"closed","template":"","meta":{"footnotes":""},"class_list":["post-5","page","type-page","status-publish","hentry"],"_links":{"self":[{"href":"https:\/\/www.hitschlain.ch\/index.php?rest_route=\/wp\/v2\/pages\/5","targetHints":{"allow":["GET"]}}],"collection":[{"href":"https:\/\/www.hitschlain.ch\/index.php?rest_route=\/wp\/v2\/pages"}],"about":[{"href":"https:\/\/www.hitschlain.ch\/index.php?rest_route=\/wp\/v2\/types\/page"}],"author":[{"embeddable":true,"href":"https:\/\/www.hitschlain.ch\/index.php?rest_route=\/wp\/v2\/users\/1"}],"replies":[{"embeddable":true,"href":"https:\/\/www.hitschlain.ch\/index.php?rest_route=%2Fwp%2Fv2%2Fcomments&post=5"}],"version-history":[{"count":12,"href":"https:\/\/www.hitschlain.ch\/index.php?rest_route=\/wp\/v2\/pages\/5\/revisions"}],"predecessor-version":[{"id":518,"href":"https:\/\/www.hitschlain.ch\/index.php?rest_route=\/wp\/v2\/pages\/5\/revisions\/518"}],"wp:attachment":[{"href":"https:\/\/www.hitschlain.ch\/index.php?rest_route=%2Fwp%2Fv2%2Fmedia&parent=5"}],"curies":[{"name":"wp","href":"https:\/\/api.w.org\/{rel}","templated":true}]}}